{"id":7952,"date":"2024-09-20T10:59:00","date_gmt":"2024-09-20T13:59:00","guid":{"rendered":"https:\/\/ajubemge.com.br\/site2\/?page_id=7952"},"modified":"2024-09-20T18:30:35","modified_gmt":"2024-09-20T21:30:35","slug":"indicacao-de-profissionais","status":"publish","type":"page","link":"https:\/\/ajubemge.com.br\/site2\/indicacao-de-profissionais\/","title":{"rendered":"INDICA\u00c7\u00c3O DE PROFISSIONAIS"},"content":{"rendered":"\t\t<div data-elementor-type=\"wp-page\" data-elementor-id=\"7952\" class=\"elementor elementor-7952\">\n\t\t\t\t\t\t<section class=\"elementor-section elementor-top-section elementor-element elementor-element-739e1d4 elementor-section-boxed elementor-section-height-default elementor-section-height-default\" data-id=\"739e1d4\" data-element_type=\"section\">\n\t\t\t\t\t\t<div class=\"elementor-container elementor-column-gap-default\">\n\t\t\t\t\t<div class=\"elementor-column elementor-col-100 elementor-top-column elementor-element elementor-element-52742e6\" data-id=\"52742e6\" data-element_type=\"column\">\n\t\t\t<div class=\"elementor-widget-wrap elementor-element-populated\">\n\t\t\t\t\t\t<div class=\"elementor-element elementor-element-4fe12f2 elementor-widget elementor-widget-heading\" data-id=\"4fe12f2\" data-element_type=\"widget\" data-widget_type=\"heading.default\">\n\t\t\t\t<div class=\"elementor-widget-container\">\n\t\t\t\t\t<h2 class=\"elementor-heading-title elementor-size-default\">Indica\u00e7\u00e3o de Profissionais<\/h2>\t\t\t\t<\/div>\n\t\t\t\t<\/div>\n\t\t\t\t\t<\/div>\n\t\t<\/div>\n\t\t\t\t\t<\/div>\n\t\t<\/section>\n\t\t\t\t<section class=\"elementor-section elementor-top-section elementor-element elementor-element-fc65d07 elementor-section-boxed elementor-section-height-default elementor-section-height-default\" data-id=\"fc65d07\" data-element_type=\"section\">\n\t\t\t\t\t\t<div class=\"elementor-container elementor-column-gap-default\">\n\t\t\t\t\t<div class=\"elementor-column elementor-col-50 elementor-top-column elementor-element elementor-element-bad5841\" data-id=\"bad5841\" data-element_type=\"column\">\n\t\t\t<div class=\"elementor-widget-wrap elementor-element-populated\">\n\t\t\t\t\t\t<div class=\"elementor-element elementor-element-b3ee7f5 elementor-widget elementor-widget-image\" data-id=\"b3ee7f5\" data-element_type=\"widget\" data-widget_type=\"image.default\">\n\t\t\t\t<div class=\"elementor-widget-container\">\n\t\t\t\t\t\t\t\t\t\t\t\t\t\t\t<img fetchpriority=\"high\" decoding=\"async\" width=\"565\" height=\"395\" src=\"https:\/\/ajubemge.com.br\/site2\/wp-content\/uploads\/2024\/09\/PROFISSIONAIS-SITE.png\" class=\"attachment-large size-large wp-image-7970\" alt=\"\" srcset=\"https:\/\/ajubemge.com.br\/site2\/wp-content\/uploads\/2024\/09\/PROFISSIONAIS-SITE.png 565w, https:\/\/ajubemge.com.br\/site2\/wp-content\/uploads\/2024\/09\/PROFISSIONAIS-SITE-300x210.png 300w, https:\/\/ajubemge.com.br\/site2\/wp-content\/uploads\/2024\/09\/PROFISSIONAIS-SITE-130x90.png 130w\" sizes=\"(max-width: 565px) 100vw, 565px\" \/>\t\t\t\t\t\t\t\t\t\t\t\t\t\t\t<\/div>\n\t\t\t\t<\/div>\n\t\t\t\t\t<\/div>\n\t\t<\/div>\n\t\t\t\t<div class=\"elementor-column elementor-col-50 elementor-top-column elementor-element elementor-element-c6d9307\" data-id=\"c6d9307\" data-element_type=\"column\">\n\t\t\t<div class=\"elementor-widget-wrap elementor-element-populated\">\n\t\t\t\t\t\t<div class=\"elementor-element elementor-element-a9b7eb5 elementor-widget elementor-widget-text-editor\" data-id=\"a9b7eb5\" data-element_type=\"widget\" data-widget_type=\"text-editor.default\">\n\t\t\t\t<div class=\"elementor-widget-container\">\n\t\t\t\t\t\t\t\t\t<p>Temos tido muita procura por indica\u00e7\u00e3o de diversos tipos de profissionais (bombeiro hidr\u00e1ulico, eletricista, pintor, pedreiro, marceneiro etc.). Se voc\u00ea utilizou servi\u00e7os de algum profissional e ficou satisfeito com o trabalho executado e com o comprometimento deste profissional, pedimos que nos informe para que possamos auxiliar aqueles que nos procuram.<\/p><p><span style=\"font-family: 'Open Sans', serif; font-size: 16px; color: var( --e-global-color-text );\">Entre em contato conosco: (31) 3201-9423, de segunda a sexta, das 8 \u00e0s 17 horas.<\/span><\/p>\t\t\t\t\t\t\t\t<\/div>\n\t\t\t\t<\/div>\n\t\t\t\t\t<\/div>\n\t\t<\/div>\n\t\t\t\t\t<\/div>\n\t\t<\/section>\n\t\t\t\t<\/div>\n\t\t","protected":false},"excerpt":{"rendered":"<p>Indica\u00e7\u00e3o de Profissionais Temos tido muita procura por indica\u00e7\u00e3o de diversos tipos de profissionais (bombeiro hidr\u00e1ulico, eletricista, pintor, pedreiro, marceneiro<\/p>\n","protected":false},"author":3,"featured_media":0,"parent":0,"menu_order":0,"comment_status":"closed","ping_status":"closed","template":"","meta":{"footnotes":""},"class_list":["post-7952","page","type-page","status-publish","hentry"],"_links":{"self":[{"href":"https:\/\/ajubemge.com.br\/site2\/wp-json\/wp\/v2\/pages\/7952","targetHints":{"allow":["GET"]}}],"collection":[{"href":"https:\/\/ajubemge.com.br\/site2\/wp-json\/wp\/v2\/pages"}],"about":[{"href":"https:\/\/ajubemge.com.br\/site2\/wp-json\/wp\/v2\/types\/page"}],"author":[{"embeddable":true,"href":"https:\/\/ajubemge.com.br\/site2\/wp-json\/wp\/v2\/users\/3"}],"replies":[{"embeddable":true,"href":"https:\/\/ajubemge.com.br\/site2\/wp-json\/wp\/v2\/comments?post=7952"}],"version-history":[{"count":7,"href":"https:\/\/ajubemge.com.br\/site2\/wp-json\/wp\/v2\/pages\/7952\/revisions"}],"predecessor-version":[{"id":7977,"href":"https:\/\/ajubemge.com.br\/site2\/wp-json\/wp\/v2\/pages\/7952\/revisions\/7977"}],"wp:attachment":[{"href":"https:\/\/ajubemge.com.br\/site2\/wp-json\/wp\/v2\/media?parent=7952"}],"curies":[{"name":"wp","href":"https:\/\/api.w.org\/{rel}","templated":true}]}}