{"id":7949,"date":"2024-09-20T10:46:27","date_gmt":"2024-09-20T13:46:27","guid":{"rendered":"https:\/\/ajubemge.com.br\/site2\/?page_id=7949"},"modified":"2024-09-20T18:21:54","modified_gmt":"2024-09-20T21:21:54","slug":"voluntariado","status":"publish","type":"page","link":"https:\/\/ajubemge.com.br\/site2\/voluntariado\/","title":{"rendered":"Voluntariado"},"content":{"rendered":"\t\t<div data-elementor-type=\"wp-page\" data-elementor-id=\"7949\" class=\"elementor elementor-7949\">\n\t\t\t\t\t\t<section class=\"elementor-section elementor-top-section elementor-element elementor-element-6998314 elementor-section-boxed elementor-section-height-default elementor-section-height-default\" data-id=\"6998314\" data-element_type=\"section\">\n\t\t\t\t\t\t<div class=\"elementor-container elementor-column-gap-default\">\n\t\t\t\t\t<div class=\"elementor-column elementor-col-100 elementor-top-column elementor-element elementor-element-27df98a\" data-id=\"27df98a\" data-element_type=\"column\">\n\t\t\t<div class=\"elementor-widget-wrap elementor-element-populated\">\n\t\t\t\t\t\t<div class=\"elementor-element elementor-element-6bb95c9 elementor-widget elementor-widget-heading\" data-id=\"6bb95c9\" data-element_type=\"widget\" data-widget_type=\"heading.default\">\n\t\t\t\t<div class=\"elementor-widget-container\">\n\t\t\t\t\t<h2 class=\"elementor-heading-title elementor-size-default\">Voluntariado<\/h2>\t\t\t\t<\/div>\n\t\t\t\t<\/div>\n\t\t\t\t\t<\/div>\n\t\t<\/div>\n\t\t\t\t\t<\/div>\n\t\t<\/section>\n\t\t\t\t<section class=\"elementor-section elementor-top-section elementor-element elementor-element-3529ae7 elementor-section-boxed elementor-section-height-default elementor-section-height-default\" data-id=\"3529ae7\" data-element_type=\"section\">\n\t\t\t\t\t\t<div class=\"elementor-container elementor-column-gap-default\">\n\t\t\t\t\t<div class=\"elementor-column elementor-col-50 elementor-top-column elementor-element elementor-element-ce72101\" data-id=\"ce72101\" data-element_type=\"column\">\n\t\t\t<div class=\"elementor-widget-wrap elementor-element-populated\">\n\t\t\t\t\t\t<div class=\"elementor-element elementor-element-39d1442 elementor-widget elementor-widget-image\" data-id=\"39d1442\" data-element_type=\"widget\" data-widget_type=\"image.default\">\n\t\t\t\t<div class=\"elementor-widget-container\">\n\t\t\t\t\t\t\t\t\t\t\t\t\t\t\t<img fetchpriority=\"high\" decoding=\"async\" width=\"565\" height=\"395\" src=\"https:\/\/ajubemge.com.br\/site2\/wp-content\/uploads\/2024\/09\/VOLUNTARIADO-SITE.png\" class=\"attachment-large size-large wp-image-7959\" alt=\"\" srcset=\"https:\/\/ajubemge.com.br\/site2\/wp-content\/uploads\/2024\/09\/VOLUNTARIADO-SITE.png 565w, https:\/\/ajubemge.com.br\/site2\/wp-content\/uploads\/2024\/09\/VOLUNTARIADO-SITE-300x210.png 300w, https:\/\/ajubemge.com.br\/site2\/wp-content\/uploads\/2024\/09\/VOLUNTARIADO-SITE-130x90.png 130w\" sizes=\"(max-width: 565px) 100vw, 565px\" \/>\t\t\t\t\t\t\t\t\t\t\t\t\t\t\t<\/div>\n\t\t\t\t<\/div>\n\t\t\t\t\t<\/div>\n\t\t<\/div>\n\t\t\t\t<div class=\"elementor-column elementor-col-50 elementor-top-column elementor-element elementor-element-bb3ba1d\" data-id=\"bb3ba1d\" data-element_type=\"column\">\n\t\t\t<div class=\"elementor-widget-wrap elementor-element-populated\">\n\t\t\t\t\t\t<div class=\"elementor-element elementor-element-a9711e7 elementor-widget elementor-widget-text-editor\" data-id=\"a9711e7\" data-element_type=\"widget\" data-widget_type=\"text-editor.default\">\n\t\t\t\t<div class=\"elementor-widget-container\">\n\t\t\t\t\t\t\t\t\t<p style=\"text-align: justify;\">Estamos querendo formar um Grupo de Volunt\u00e1rios para visitas a associados hospitalizados ou recolhidos em casas de repouso, ou mesmo, em suas resid\u00eancias e com dificuldades de locomo\u00e7\u00e3o. Esse Grupo poder\u00e1 acompanh\u00e1-los em consultas m\u00e9dicas e exames que necessitem de acompanhamento.<\/p><p style=\"text-align: justify;\"><span style=\"font-family: &quot;Open Sans&quot;, serif; font-size: 16px; color: var( --e-global-color-text );\">Se voc\u00ea tiver um tempo para nos auxiliar nessas tarefas, fa\u00e7a sua inscri\u00e7\u00e3o em nossa secretaria. Fazer o bem \u00e9 importante e nos torna pessoas melhores.<\/span><\/p>\n<p style=\"text-align: justify;\">Entre em contato conosco para maiores informa\u00e7\u00f5es: (31) 3201-9423, de segunda \u00e0 sexta, das 8 \u00e0s 17 horas.<\/p>\t\t\t\t\t\t\t\t<\/div>\n\t\t\t\t<\/div>\n\t\t\t\t\t<\/div>\n\t\t<\/div>\n\t\t\t\t\t<\/div>\n\t\t<\/section>\n\t\t\t\t<\/div>\n\t\t","protected":false},"excerpt":{"rendered":"<p>Voluntariado Estamos querendo formar um Grupo de Volunt\u00e1rios para visitas a associados hospitalizados ou recolhidos em casas de repouso, ou<\/p>\n","protected":false},"author":3,"featured_media":0,"parent":0,"menu_order":0,"comment_status":"closed","ping_status":"closed","template":"","meta":{"footnotes":""},"class_list":["post-7949","page","type-page","status-publish","hentry"],"_links":{"self":[{"href":"https:\/\/ajubemge.com.br\/site2\/wp-json\/wp\/v2\/pages\/7949","targetHints":{"allow":["GET"]}}],"collection":[{"href":"https:\/\/ajubemge.com.br\/site2\/wp-json\/wp\/v2\/pages"}],"about":[{"href":"https:\/\/ajubemge.com.br\/site2\/wp-json\/wp\/v2\/types\/page"}],"author":[{"embeddable":true,"href":"https:\/\/ajubemge.com.br\/site2\/wp-json\/wp\/v2\/users\/3"}],"replies":[{"embeddable":true,"href":"https:\/\/ajubemge.com.br\/site2\/wp-json\/wp\/v2\/comments?post=7949"}],"version-history":[{"count":14,"href":"https:\/\/ajubemge.com.br\/site2\/wp-json\/wp\/v2\/pages\/7949\/revisions"}],"predecessor-version":[{"id":7969,"href":"https:\/\/ajubemge.com.br\/site2\/wp-json\/wp\/v2\/pages\/7949\/revisions\/7969"}],"wp:attachment":[{"href":"https:\/\/ajubemge.com.br\/site2\/wp-json\/wp\/v2\/media?parent=7949"}],"curies":[{"name":"wp","href":"https:\/\/api.w.org\/{rel}","templated":true}]}}